{"id":1551,"date":"2015-10-12T16:05:00","date_gmt":"2015-10-12T16:05:00","guid":{"rendered":"https:\/xtremepeering.net\/?page_id=1551"},"modified":"2016-09-04T09:18:37","modified_gmt":"2016-09-04T09:18:37","slug":"dmca","status":"publish","type":"page","link":"https:\/\/extremepeering.net\/pt\/dmca\/","title":{"rendered":"Copyright Policy"},"content":{"rendered":"<p class=\"qtranxs-available-languages-message qtranxs-available-languages-message-pt\">Desculpe, este conte\u00fado s\u00f3 est\u00e1 dispon\u00edvel em <a href=\"https:\/\/extremepeering.net\/en\/wp-json\/wp\/v2\/pages\/1551\" class=\"qtranxs-available-language-link qtranxs-available-language-link-en\" title=\"English\">Ingl\u00eas (Eua)<\/a>.<\/p>","protected":false},"excerpt":{"rendered":"<p>Desculpe, este conte\u00fado s\u00f3 est\u00e1 dispon\u00edvel em Ingl\u00eas (Eua).<\/p>\n","protected":false},"author":2,"featured_media":0,"parent":0,"menu_order":0,"comment_status":"closed","ping_status":"closed","template":"","meta":[],"_links":{"self":[{"href":"https:\/\/extremepeering.net\/pt\/wp-json\/wp\/v2\/pages\/1551"}],"collection":[{"href":"https:\/\/extremepeering.net\/pt\/wp-json\/wp\/v2\/pages"}],"about":[{"href":"https:\/\/extremepeering.net\/pt\/wp-json\/wp\/v2\/types\/page"}],"author":[{"embeddable":true,"href":"https:\/\/extremepeering.net\/pt\/wp-json\/wp\/v2\/users\/2"}],"replies":[{"embeddable":true,"href":"https:\/\/extremepeering.net\/pt\/wp-json\/wp\/v2\/comments?post=1551"}],"version-history":[{"count":11,"href":"https:\/\/extremepeering.net\/pt\/wp-json\/wp\/v2\/pages\/1551\/revisions"}],"predecessor-version":[{"id":1586,"href":"https:\/\/extremepeering.net\/pt\/wp-json\/wp\/v2\/pages\/1551\/revisions\/1586"}],"wp:attachment":[{"href":"https:\/\/extremepeering.net\/pt\/wp-json\/wp\/v2\/media?parent=1551"}],"curies":[{"name":"wp","href":"https:\/\/api.w.org\/{rel}","templated":true}]}}