{"id":26,"date":"2015-12-21T21:33:27","date_gmt":"2015-12-21T21:33:27","guid":{"rendered":"https:\/xtremepeering.net\/?page_id=26"},"modified":"2016-05-13T14:04:47","modified_gmt":"2016-05-13T14:04:47","slug":"start-monetizing","status":"publish","type":"page","link":"https:\/\/extremepeering.net\/pt\/start-monetizing\/","title":{"rendered":"Comece a monetizar"},"content":{"rendered":"<p><\/p>\n<h3 style=\"text-align: center;\">\u00a0<\/h3>\n<h3 style=\"text-align: center;\"><span style=\"color: #333333;\"><img loading=\"lazy\" class=\"alignnone size-full wp-image-300\" src=\"https:\/xtremepeering.net\/wp-content\/uploads\/2015\/12\/1-1.png\" alt=\"1\" width=\"200\" height=\"184\" \/><\/span><\/h3>\n<h3 style=\"text-align: center;\"><span style=\"color: #333333;\"><br \/> Use sua \u00faltima milha de Fibra\/Cobre para fornecer<br \/>conteudo multimedia<\/span> em <span style=\"color: #333333;\"><span id=\"result_box\" class=\"short_text\" lang=\"pt\" tabindex=\"-1\"><span class=\"\">velocidade <\/span><\/span><span id=\"result_box\" class=\"short_text\" lang=\"pt\" tabindex=\"-1\">ultra-alta<\/span> enquanto est\u00e1 realmente<br \/>economizando dinhero da conta do seu link.<\/span><\/h3>\n<h3 style=\"text-align: center;\"> <span style=\"color: #333333;\"><strong><span style=\"color: #fc8923;\">Seus usu\u00e1rios ficar\u00e3o fascinados.<\/span><\/strong><br \/> <\/span><\/h3>\n<h3 style=\"text-align: center;\">\u00a0<\/h3>\n<p><\/p>","protected":false},"excerpt":{"rendered":"<p>\u00a0 Use sua \u00faltima milha de Fibra\/Cobre para fornecerconteudo multimedia em velocidade ultra-alta enquanto est\u00e1 realmenteeconomizando dinhero da conta do seu link. Seus usu\u00e1rios ficar\u00e3o fascinados. \u00a0<\/p>\n","protected":false},"author":2,"featured_media":0,"parent":0,"menu_order":0,"comment_status":"closed","ping_status":"closed","template":"","meta":[],"_links":{"self":[{"href":"https:\/\/extremepeering.net\/pt\/wp-json\/wp\/v2\/pages\/26"}],"collection":[{"href":"https:\/\/extremepeering.net\/pt\/wp-json\/wp\/v2\/pages"}],"about":[{"href":"https:\/\/extremepeering.net\/pt\/wp-json\/wp\/v2\/types\/page"}],"author":[{"embeddable":true,"href":"https:\/\/extremepeering.net\/pt\/wp-json\/wp\/v2\/users\/2"}],"replies":[{"embeddable":true,"href":"https:\/\/extremepeering.net\/pt\/wp-json\/wp\/v2\/comments?post=26"}],"version-history":[{"count":51,"href":"https:\/\/extremepeering.net\/pt\/wp-json\/wp\/v2\/pages\/26\/revisions"}],"predecessor-version":[{"id":1463,"href":"https:\/\/extremepeering.net\/pt\/wp-json\/wp\/v2\/pages\/26\/revisions\/1463"}],"wp:attachment":[{"href":"https:\/\/extremepeering.net\/pt\/wp-json\/wp\/v2\/media?parent=26"}],"curies":[{"name":"wp","href":"https:\/\/api.w.org\/{rel}","templated":true}]}}