{"id":305,"date":"2015-12-25T18:05:04","date_gmt":"2015-12-25T18:05:04","guid":{"rendered":"https:\/xtremepeering.net\/?page_id=305"},"modified":"2016-05-13T14:16:57","modified_gmt":"2016-05-13T14:16:57","slug":"enable-peering-speed","status":"publish","type":"page","link":"https:\/\/extremepeering.net\/pt\/enable-peering-speed\/","title":{"rendered":"Velocidade de Peering"},"content":{"rendered":"<p><\/p>\n<h3 style=\"text-align: center;\">\u00a0<\/h3>\n<h3 style=\"text-align: center;\"><span style=\"color: #333333;\"><img loading=\"lazy\" class=\"alignnone wp-image-311 size-full\" src=\"https:\/xtremepeering.net\/wp-content\/uploads\/2015\/12\/2-1.png\" alt=\"\" width=\"200\" height=\"200\" srcset=\"https:\/\/extremepeering.net\/wp-content\/uploads\/2015\/12\/2-1.png 200w, https:\/\/extremepeering.net\/wp-content\/uploads\/2015\/12\/2-1-150x150.png 150w\" sizes=\"(max-width: 200px) 100vw, 200px\" \/><\/span><\/h3>\n<h3 style=\"text-align: center;\"><span style=\"color: #333333;\"><br \/> N\u00f3s vamos ajudar ao seu BSS\/OSS<br \/>entender o que significa tr\u00e1fego de peering barato<br \/>e fornece-lo a seus usu\u00e1rios em velocidade ultra alta<br \/><\/span><\/h3>\n<h3 style=\"text-align: center;\"><span style=\"color: #333333;\"><span style=\"color: #fc8923;\"><br \/><strong>Seus usu\u00e1rios ficar\u00e3o fascinados.<\/strong><\/span><br \/> <\/span><\/h3>\n<h3 style=\"text-align: center;\">\u00a0<\/h3>\n<p><\/p>","protected":false},"excerpt":{"rendered":"<p>\u00a0 N\u00f3s vamos ajudar ao seu BSS\/OSSentender o que significa tr\u00e1fego de peering baratoe fornece-lo a seus usu\u00e1rios em velocidade ultra alta Seus usu\u00e1rios ficar\u00e3o fascinados. \u00a0<\/p>\n","protected":false},"author":2,"featured_media":0,"parent":0,"menu_order":0,"comment_status":"closed","ping_status":"closed","template":"","meta":[],"_links":{"self":[{"href":"https:\/\/extremepeering.net\/pt\/wp-json\/wp\/v2\/pages\/305"}],"collection":[{"href":"https:\/\/extremepeering.net\/pt\/wp-json\/wp\/v2\/pages"}],"about":[{"href":"https:\/\/extremepeering.net\/pt\/wp-json\/wp\/v2\/types\/page"}],"author":[{"embeddable":true,"href":"https:\/\/extremepeering.net\/pt\/wp-json\/wp\/v2\/users\/2"}],"replies":[{"embeddable":true,"href":"https:\/\/extremepeering.net\/pt\/wp-json\/wp\/v2\/comments?post=305"}],"version-history":[{"count":8,"href":"https:\/\/extremepeering.net\/pt\/wp-json\/wp\/v2\/pages\/305\/revisions"}],"predecessor-version":[{"id":1464,"href":"https:\/\/extremepeering.net\/pt\/wp-json\/wp\/v2\/pages\/305\/revisions\/1464"}],"wp:attachment":[{"href":"https:\/\/extremepeering.net\/pt\/wp-json\/wp\/v2\/media?parent=305"}],"curies":[{"name":"wp","href":"https:\/\/api.w.org\/{rel}","templated":true}]}}